{"id":11,"date":"2019-09-22T00:54:36","date_gmt":"2019-09-22T00:54:36","guid":{"rendered":"http:\/\/regina-schmeken.test\/?page_id=11"},"modified":"2022-07-12T22:08:24","modified_gmt":"2022-07-12T20:08:24","slug":"biografie","status":"publish","type":"page","link":"https:\/\/reginaschmeken.com\/en\/biografie\/","title":{"rendered":"Biography"},"content":{"rendered":"\n<p>Regina\nSchmeken has been photographing black and white since 1976.<\/p>\n\n\n\n<p>Since 1980 her pictures have  been exhibited, among others at the Museum f\u00fcr Fotografie and the  Gropiusbau in Berlin, the Lenbachhaus in Munich, the Biblioth\u00e8que  Nationale in Paris, as well as the Museum Folkwang in Essen. Regina Schmeken works for S\u00fcddeutsche Zeitung since 1986. <\/p>\n\n\n\n<p>She received national and international prizes,including 1978 the  Critics Award of the \u201cRencontres Internationales de la Photographie\u201d in  Arles \/ France, 1984 the award for artistic photography of the City of  Munich and 1996 \u201cDr. Erich Salomon Prize\u201d of the German Society for  Photography. In 2021 Regina Schmeken was a fellow of the German Academy Rome Villa Massimo.<\/p>\n\n\n\n<p>Her works can be found for example in the collections of the Museum of  Modern Art \/ New York, the Museum Ludwig \/ Cologne, the Biblioth\u00e8que  Nationale \/ Paris and the Lenbachhaus \/ Munich and Deutsche Bundestag in Berlin. <\/p>\n\n\n\n<p><\/p>\n","protected":false},"excerpt":{"rendered":"<p>Regina Schmeken has been photographing black and white since 1976. Since 1980 her pictures have been exhibited, among others at the Museum f\u00fcr Fotografie and the Gropiusbau in Berlin, the Lenbachhaus in Munich, the Biblioth\u00e8que Nationale in Paris, as well as the Museum Folkwang in Essen. Regina Schmeken works for S\u00fcddeutsche Zeitung since 1986. She [&hellip;]<\/p>\n","protected":false},"author":1,"featured_media":0,"parent":0,"menu_order":0,"comment_status":"closed","ping_status":"closed","template":"","meta":{"footnotes":""},"class_list":["post-11","page","type-page","status-publish","hentry"],"yoast_head":"<!-- This site is optimized with the Yoast SEO plugin v26.4 - https:\/\/yoast.com\/wordpress\/plugins\/seo\/ -->\n<title>Biography<\/title>\n<meta name=\"robots\" content=\"index, follow, max-snippet:-1, max-image-preview:large, max-video-preview:-1\" \/>\n<link rel=\"canonical\" href=\"https:\/\/reginaschmeken.com\/en\/biografie\/\" \/>\n<meta property=\"og:locale\" content=\"en_US\" \/>\n<meta property=\"og:locale:alternate\" content=\"de_DE\" \/>\n<meta property=\"og:type\" content=\"article\" \/>\n<meta property=\"og:title\" content=\"Biography\" \/>\n<meta property=\"og:description\" content=\"Regina Schmeken has been photographing black and white since 1976. Since 1980 her pictures have been exhibited, among others at the Museum f\u00fcr Fotografie and the Gropiusbau in Berlin, the Lenbachhaus in Munich, the Biblioth\u00e8que Nationale in Paris, as well as the Museum Folkwang in Essen. Regina Schmeken works for S\u00fcddeutsche Zeitung since 1986. She [&hellip;]\" \/>\n<meta property=\"og:url\" content=\"https:\/\/reginaschmeken.com\/en\/biografie\/\" \/>\n<meta property=\"og:site_name\" content=\"Regina Schmeken\" \/>\n<meta property=\"article:modified_time\" content=\"2022-07-12T20:08:24+00:00\" \/>\n<meta name=\"twitter:card\" content=\"summary_large_image\" \/>\n<meta name=\"twitter:label1\" content=\"Est. reading time\" \/>\n\t<meta name=\"twitter:data1\" content=\"1 minute\" \/>\n<script type=\"application\/ld+json\" class=\"yoast-schema-graph\">{\"@context\":\"https:\/\/schema.org\",\"@graph\":[{\"@type\":\"WebPage\",\"@id\":\"https:\/\/reginaschmeken.com\/biografie\/\",\"url\":\"https:\/\/reginaschmeken.com\/biografie\/\",\"name\":\"Biography\",\"isPartOf\":{\"@id\":\"https:\/\/reginaschmeken.com\/#website\"},\"datePublished\":\"2019-09-22T00:54:36+00:00\",\"dateModified\":\"2022-07-12T20:08:24+00:00\",\"breadcrumb\":{\"@id\":\"https:\/\/reginaschmeken.com\/biografie\/#breadcrumb\"},\"inLanguage\":\"en-US\",\"potentialAction\":[{\"@type\":\"ReadAction\",\"target\":[\"https:\/\/reginaschmeken.com\/biografie\/\"]}]},{\"@type\":\"BreadcrumbList\",\"@id\":\"https:\/\/reginaschmeken.com\/biografie\/#breadcrumb\",\"itemListElement\":[{\"@type\":\"ListItem\",\"position\":1,\"name\":\"Home\",\"item\":\"https:\/\/reginaschmeken.com\/\"},{\"@type\":\"ListItem\",\"position\":2,\"name\":\"Biografie\"}]},{\"@type\":\"WebSite\",\"@id\":\"https:\/\/reginaschmeken.com\/#website\",\"url\":\"https:\/\/reginaschmeken.com\/\",\"name\":\"Regina Schmeken\",\"description\":\"Fotografie\",\"publisher\":{\"@id\":\"https:\/\/reginaschmeken.com\/#\/schema\/person\/ea6a85b0429e750a6929de55d9853a6e\"},\"potentialAction\":[{\"@type\":\"SearchAction\",\"target\":{\"@type\":\"EntryPoint\",\"urlTemplate\":\"https:\/\/reginaschmeken.com\/?s={search_term_string}\"},\"query-input\":{\"@type\":\"PropertyValueSpecification\",\"valueRequired\":true,\"valueName\":\"search_term_string\"}}],\"inLanguage\":\"en-US\"},{\"@type\":[\"Person\",\"Organization\"],\"@id\":\"https:\/\/reginaschmeken.com\/#\/schema\/person\/ea6a85b0429e750a6929de55d9853a6e\",\"name\":\"regina\",\"image\":{\"@type\":\"ImageObject\",\"inLanguage\":\"en-US\",\"@id\":\"https:\/\/reginaschmeken.com\/#\/schema\/person\/image\/\",\"url\":\"https:\/\/secure.gravatar.com\/avatar\/a956936300add0deebd5993184a999a29dc0cdf082c6016f0442cc8512f2a772?s=96&d=mm&r=g\",\"contentUrl\":\"https:\/\/secure.gravatar.com\/avatar\/a956936300add0deebd5993184a999a29dc0cdf082c6016f0442cc8512f2a772?s=96&d=mm&r=g\",\"caption\":\"regina\"},\"logo\":{\"@id\":\"https:\/\/reginaschmeken.com\/#\/schema\/person\/image\/\"}}]}<\/script>\n<!-- \/ Yoast SEO plugin. -->","yoast_head_json":{"title":"Biography","robots":{"index":"index","follow":"follow","max-snippet":"max-snippet:-1","max-image-preview":"max-image-preview:large","max-video-preview":"max-video-preview:-1"},"canonical":"https:\/\/reginaschmeken.com\/en\/biografie\/","og_locale":"en_US","og_type":"article","og_title":"[:de]Biografie[:en]Biography[:] - Regina Schmeken Fotografie","og_description":"Regina Schmeken has been photographing black and white since 1976. Since 1980 her pictures have been exhibited, among others at the Museum f\u00fcr Fotografie and the Gropiusbau in Berlin, the Lenbachhaus in Munich, the Biblioth\u00e8que Nationale in Paris, as well as the Museum Folkwang in Essen. Regina Schmeken works for S\u00fcddeutsche Zeitung since 1986. She [&hellip;]","og_url":"https:\/\/reginaschmeken.com\/en\/biografie\/","og_site_name":"Regina Schmeken","article_modified_time":"2022-07-12T20:08:24+00:00","twitter_card":"summary_large_image","twitter_misc":{"Est. reading time":"1 minute"},"schema":{"@context":"https:\/\/schema.org","@graph":[{"@type":"WebPage","@id":"https:\/\/reginaschmeken.com\/biografie\/","url":"https:\/\/reginaschmeken.com\/biografie\/","name":"Biography","isPartOf":{"@id":"https:\/\/reginaschmeken.com\/#website"},"datePublished":"2019-09-22T00:54:36+00:00","dateModified":"2022-07-12T20:08:24+00:00","breadcrumb":{"@id":"https:\/\/reginaschmeken.com\/biografie\/#breadcrumb"},"inLanguage":"en-US","potentialAction":[{"@type":"ReadAction","target":["https:\/\/reginaschmeken.com\/biografie\/"]}]},{"@type":"BreadcrumbList","@id":"https:\/\/reginaschmeken.com\/biografie\/#breadcrumb","itemListElement":[{"@type":"ListItem","position":1,"name":"Home","item":"https:\/\/reginaschmeken.com\/"},{"@type":"ListItem","position":2,"name":"Biografie"}]},{"@type":"WebSite","@id":"https:\/\/reginaschmeken.com\/#website","url":"https:\/\/reginaschmeken.com\/","name":"Regina Schmeken","description":"Fotografie","publisher":{"@id":"https:\/\/reginaschmeken.com\/#\/schema\/person\/ea6a85b0429e750a6929de55d9853a6e"},"potentialAction":[{"@type":"SearchAction","target":{"@type":"EntryPoint","urlTemplate":"https:\/\/reginaschmeken.com\/?s={search_term_string}"},"query-input":{"@type":"PropertyValueSpecification","valueRequired":true,"valueName":"search_term_string"}}],"inLanguage":"en-US"},{"@type":["Person","Organization"],"@id":"https:\/\/reginaschmeken.com\/#\/schema\/person\/ea6a85b0429e750a6929de55d9853a6e","name":"regina","image":{"@type":"ImageObject","inLanguage":"en-US","@id":"https:\/\/reginaschmeken.com\/#\/schema\/person\/image\/","url":"https:\/\/secure.gravatar.com\/avatar\/a956936300add0deebd5993184a999a29dc0cdf082c6016f0442cc8512f2a772?s=96&d=mm&r=g","contentUrl":"https:\/\/secure.gravatar.com\/avatar\/a956936300add0deebd5993184a999a29dc0cdf082c6016f0442cc8512f2a772?s=96&d=mm&r=g","caption":"regina"},"logo":{"@id":"https:\/\/reginaschmeken.com\/#\/schema\/person\/image\/"}}]}},"_links":{"self":[{"href":"https:\/\/reginaschmeken.com\/en\/wp-json\/wp\/v2\/pages\/11","targetHints":{"allow":["GET"]}}],"collection":[{"href":"https:\/\/reginaschmeken.com\/en\/wp-json\/wp\/v2\/pages"}],"about":[{"href":"https:\/\/reginaschmeken.com\/en\/wp-json\/wp\/v2\/types\/page"}],"author":[{"embeddable":true,"href":"https:\/\/reginaschmeken.com\/en\/wp-json\/wp\/v2\/users\/1"}],"replies":[{"embeddable":true,"href":"https:\/\/reginaschmeken.com\/en\/wp-json\/wp\/v2\/comments?post=11"}],"version-history":[{"count":8,"href":"https:\/\/reginaschmeken.com\/en\/wp-json\/wp\/v2\/pages\/11\/revisions"}],"predecessor-version":[{"id":1156,"href":"https:\/\/reginaschmeken.com\/en\/wp-json\/wp\/v2\/pages\/11\/revisions\/1156"}],"wp:attachment":[{"href":"https:\/\/reginaschmeken.com\/en\/wp-json\/wp\/v2\/media?parent=11"}],"curies":[{"name":"wp","href":"https:\/\/api.w.org\/{rel}","templated":true}]}}